{"id":142,"date":"2025-04-07T03:59:10","date_gmt":"2025-04-07T01:59:10","guid":{"rendered":"https:\/\/safirsupport.be\/?page_id=142"},"modified":"2025-04-12T16:56:31","modified_gmt":"2025-04-12T14:56:31","slug":"docs-validation","status":"publish","type":"page","link":"https:\/\/safirsupport.be\/index.php\/safir\/safir-resources\/docs-validation\/","title":{"rendered":"Docs &amp; Validation"},"content":{"rendered":"\n<h4 class=\"wp-block-heading has-text-align-center is-style-asterisk\">Selected peer-reviewed papers on SAFIR<\/h4>\n\n\n\n<p>The following list includes the main scientific papers that describe the general theory or validation of SAFIR by the authors. More publications are provided in the sections below.<\/p>\n\n\n\n<ul class=\"wp-block-list\">\n<li>Franssen J.-M.,&nbsp;Gernay T.&nbsp;(2017). \u201c<a href=\"https:\/\/www.emeraldinsight.com\/doi\/full\/10.1108\/JSFE-07-2016-0010\" target=\"_blank\" rel=\"noreferrer noopener\">Modeling structures in fire with SAFIR<sup>\u00ae<\/sup>: Theoretical background and capabilities<\/a>\u201c.&nbsp;<em>Journal of Structural Fire Engineering, 8<\/em>(3), 300-323<\/li>\n\n\n\n<li>Franssen J. M. (2005). \u201cSAFIR: A thermal and structural program for modeling structures under fire\u201c.&nbsp;<em>Engineering Journal<\/em>,&nbsp;<em>42<\/em>(3), 143-158.<\/li>\n\n\n\n<li>Ferreira J.,&nbsp;Gernay T., Franssen J.M. (2018). \u201c<a href=\"https:\/\/safirsupport.be\/wp-content\/uploads\/2025\/04\/2018SiF-Ferreira_et_al-SAFIR-validation.pdf\" target=\"_blank\" rel=\"noreferrer noopener\">Discussion on a systematic approach to validation of software for structures in fire<\/a>\u201c.&nbsp;<em>Proceedings of the 10th&nbsp;International Conference on Structures in Fire&nbsp;(SiF 18)&nbsp;<\/em>(pp. 317-324), Ulster University, UK, Jun 6-8<\/li>\n<\/ul>\n\n\n\n<h4 class=\"wp-block-heading has-text-align-center is-style-asterisk\">Validation of SAFIR through DIN EN 1992-1-2 NA<\/h4>\n\n\n\n<div class=\"wp-block-file\"><a id=\"wp-block-file--media-f5e21251-16ac-4d85-84b4-6eb8dbaf9d3f\" href=\"https:\/\/safirsupport.be\/wp-content\/uploads\/2025\/04\/validation_of_safir_through_the_din_en_1992-1-2_na.pdf\" target=\"_blank\" rel=\"noreferrer noopener\">Technical report<\/a><a href=\"https:\/\/safirsupport.be\/wp-content\/uploads\/2025\/04\/validation_of_safir_through_the_din_en_1992-1-2_na.pdf\" class=\"wp-block-file__button wp-element-button\" download aria-describedby=\"wp-block-file--media-f5e21251-16ac-4d85-84b4-6eb8dbaf9d3f\">Download<\/a><\/div>\n\n\n\n<h4 class=\"wp-block-heading has-text-align-center is-style-asterisk\">List of SAFIR comparisons with tests and other software<\/h4>\n\n\n\n<div class=\"wp-block-file\"><a id=\"wp-block-file--media-d1512eee-a69d-49ae-b525-2e575e0541a8\" href=\"https:\/\/safirsupport.be\/wp-content\/uploads\/2025\/04\/safir_citations_and_comparisons_with_tests.xlsx\">safir_citations_and_comparisons_with_tests<\/a><a href=\"https:\/\/safirsupport.be\/wp-content\/uploads\/2025\/04\/safir_citations_and_comparisons_with_tests.xlsx\" class=\"wp-block-file__button wp-element-button\" download aria-describedby=\"wp-block-file--media-d1512eee-a69d-49ae-b525-2e575e0541a8\">Download<\/a><\/div>\n\n\n\n<h4 class=\"wp-block-heading has-text-align-center is-style-asterisk\">Technical reference<\/h4>\n\n\n\n<div class=\"wp-block-file\"><a id=\"wp-block-file--media-68f383cb-df11-44e7-9ee7-0f4fcd2e6191\" href=\"https:\/\/safirsupport.be\/wp-content\/uploads\/2025\/04\/008_technical_reference_of_safir.pdf\" target=\"_blank\" rel=\"noreferrer noopener\">008_technical_reference_of_safir<\/a><a href=\"https:\/\/safirsupport.be\/wp-content\/uploads\/2025\/04\/008_technical_reference_of_safir.pdf\" class=\"wp-block-file__button wp-element-button\" download aria-describedby=\"wp-block-file--media-68f383cb-df11-44e7-9ee7-0f4fcd2e6191\">Download<\/a><\/div>\n\n\n\n<div class=\"wp-block-file\"><a id=\"wp-block-file--media-5db566f6-1d5f-47e7-a149-2412b565e765\" href=\"https:\/\/safirsupport.be\/wp-content\/uploads\/2025\/04\/technical_reference_of_safir_-_annex_b1.pdf\" target=\"_blank\" rel=\"noreferrer noopener\">technical_reference_of_safir_-_annex_b1<\/a><a href=\"https:\/\/safirsupport.be\/wp-content\/uploads\/2025\/04\/technical_reference_of_safir_-_annex_b1.pdf\" class=\"wp-block-file__button wp-element-button\" download aria-describedby=\"wp-block-file--media-5db566f6-1d5f-47e7-a149-2412b565e765\">Download<\/a><\/div>\n\n\n\n<div class=\"wp-block-file\"><a id=\"wp-block-file--media-152a5022-9d3c-4cd7-97fe-a1606bd62bd7\" href=\"http:\/\/safirsupport.be\/wp-content\/uploads\/2025\/04\/2018SiF-Ferreira_et_al-SAFIR-validation.pdf\" target=\"_blank\" rel=\"noreferrer noopener\">2018SiF-Ferreira_et_al-SAFIR-validation<\/a><a href=\"http:\/\/safirsupport.be\/wp-content\/uploads\/2025\/04\/2018SiF-Ferreira_et_al-SAFIR-validation.pdf\" class=\"wp-block-file__button wp-element-button\" download aria-describedby=\"wp-block-file--media-152a5022-9d3c-4cd7-97fe-a1606bd62bd7\">Download<\/a><\/div>\n\n\n\n<h4 class=\"wp-block-heading has-text-align-center is-style-asterisk\">Additional publications on theory, models, and validation<\/h4>\n\n\n\n<p>The following list gives additional bibliographical references of theses and scientific papers in conferences or journals that either explain the theory at the base of SAFIR or show validation studies. Only references that have the author of SAFIR in the author&#8217;s list are reported here. Other publications have been written by scientists of other research groups.<\/p>\n\n\n\n<ul class=\"wp-block-list\">\n<li><a href=\"https:\/\/www.sciencedirect.com\/science\/article\/pii\/S037971122400095X\" target=\"_blank\" rel=\"noreferrer noopener\"><em>Numerical analysis of full-scale structural fire tests on composite floor systems<\/em><\/a>, Ma C,&nbsp;Gernay T,&nbsp;<em>Fire Safety Journal, 146,&nbsp;<\/em>104182 (2024)<\/li>\n\n\n\n<li><a href=\"https:\/\/mars.jhu.edu\/wp-content\/uploads\/2024\/07\/SIF_2024_Paper_pdf_8.pdf\" target=\"_blank\" rel=\"noreferrer noopener\"><em>Thermo-mechanical analysis and validation of SAFIR for historic forms of construction<\/em><\/a>,&nbsp;Lalu O, Lennon T, Duma D,&nbsp;Gernay T, <em>Proceedings of the 13<sup>th<\/sup>&nbsp;International Conference on Structures in Fire<\/em>&nbsp;<em>(SiF 24)<\/em>, Coimbra (2024)<\/li>\n\n\n\n<li><a href=\"https:\/\/ascelibrary.org\/doi\/abs\/10.1061\/JSENDH.STENG-11369\" target=\"_blank\" rel=\"noreferrer noopener\"><em>Probabilistic models for temperature-dependent compressive and tensile strengths of timber<\/em><\/a>, Garcia-Castillo E,&nbsp;Gernay T, Paya-Zaforteza I,&nbsp;<em>Journal of Structural Engineering ASCE, 149 (2):<\/em>&nbsp;04022239 (2023)<\/li>\n\n\n\n<li><a href=\"https:\/\/www.sciencedirect.com\/science\/article\/pii\/S0379711222001680\" target=\"_blank\" rel=\"noreferrer noopener\"><em>Experimental investigation of structural failure during the cooling phase of a fire: Concrete columns<\/em><\/a>, Gernay T,&nbsp;Franssen JM, Robert F, McNamee R, Felicetti R, Bamonte P, Brunkhorst S, Mohaine S, Zehfuss J.,&nbsp;<em>Fire Safety Journal, 134,<\/em>&nbsp;103691 (2022)<\/li>\n\n\n\n<li><a href=\"https:\/\/www.sciencedirect.com\/science\/article\/pii\/S0141029621011408\" target=\"_blank\" rel=\"noreferrer noopener\"><em>Numerical modeling of localized fire exposures on structures using FDS-FEM and simple models<\/em><\/a>, Yan X,&nbsp;Gernay T,&nbsp;<em>Engineering Structures<\/em>,&nbsp;<em>246<\/em>, 112997 (2021)<\/li>\n\n\n\n<li><a href=\"https:\/\/ascelibrary.org\/doi\/10.1061\/%28ASCE%29ST.1943-541X.0002621\" target=\"_blank\" rel=\"noreferrer noopener\"><em>Probabilistic models for temperature-dependent strength of steel and concrete<\/em><\/a>, Qureshi R, Ni S, Khorasani NE, Van Coile R, Hopkin D,&nbsp;Gernay T,&nbsp;<em>Journal of Structural Engineering ASCE, 146<\/em>(6): 04020102 (2020)<\/li>\n\n\n\n<li><a href=\"http:\/\/hdl.handle.net\/2268\/161953\" target=\"_blank\" rel=\"noreferrer noopener\"><em>Effective stress method to be used in beam finite elements to take local instabilities into account<\/em><\/a>, J.M.&nbsp;Franssen, B. Cowez, T. Gernay,&nbsp;<em>Fire Safety Science 11<\/em>, Christchurch, New Zealand, IAFSS&nbsp;(2014), 544-557<\/li>\n\n\n\n<li><em><a href=\"http:\/\/hdl.handle.net\/2268\/153663\" target=\"_blank\" rel=\"noreferrer noopener\">A multiaxial constitutive model for concrete in the fire situation: Theoretical formulation<\/a>, T. Gernay, A. Millard, J.M. Franssen,&nbsp;Int J Solids Struct,&nbsp;Vol.&nbsp;50 no.&nbsp;22-23 (2013), 3659-3673<\/em><\/li>\n\n\n\n<li><a href=\"http:\/\/hdl.handle.net\/2268\/126520\" target=\"_blank\" rel=\"noreferrer noopener\"><em>Validation of the Advanced Calculation Model SAFIR Through DIN EN 1991-1-2 Procedure<\/em><\/a>, R. Zaharia, T. Gernay,&nbsp;<em>10th Int. Conf. ASCCS<\/em>, Singapore (2012)<\/li>\n\n\n\n<li><a href=\"http:\/\/hdl.handle.net\/2268\/115505\" target=\"_blank\" rel=\"noreferrer noopener\"><em>A multiaxial concrete model for applications in structural fire engineering<\/em><\/a>, T. Gernay, A. Millard,&nbsp;<em>7th Int. Conf. Structures in Fire<\/em>, ETH Zurich, Switzerland, Fontana et al. ed. (2012), 531-540<\/li>\n\n\n\n<li><a href=\"http:\/\/hdl.handle.net\/2268\/89308\" target=\"_blank\" rel=\"noreferrer noopener\"><em>Effect of Transient Creep Strain Model on the Behavior of Concrete Columns Subjected to Heating and Cooling<\/em><\/a>, T. Gernay,&nbsp;<em>Fire Technology<\/em>, Vol. 48 no. 2 (2012), 313-329<\/li>\n\n\n\n<li><a href=\"http:\/\/hdl.handle.net\/2268\/114050\" target=\"_blank\" rel=\"noreferrer noopener\"><em>A formulation of the Eurocode 2 concrete model at elevated temperature that includes an explicit term for transient creep<\/em><\/a>, T. Gernay, J.M. Franssen,&nbsp;<em>Fire Safety Journal<\/em>, Vol. 51 (2012), 1-9<\/li>\n\n\n\n<li><em>Large-scale fire test of unprotected cellular beam acting in membrane action<\/em>, O. Vassart, C. G. Bailey, M. Hawes, A. Nadjai, W. I. Simms, B. Zhao, T. Gernay, J.M. Franssen,&nbsp;<em>Proc. ICE: Structures and Buildings<\/em>, Vol. 165 no. 7&nbsp;(2012), 327\u2013334<\/li>\n\n\n\n<li><em>Numerical modelling of membrane action of composite slabs in fire situation<\/em>, C. Vulcu, Th. Gernay, R. Zaharia, J.M. Franssen,&nbsp;<em>6th Int. Conf. Structures in Fire<\/em>, Michigan State University, Kodur &amp; Franssen ed. (2010), 474-483<\/li>\n\n\n\n<li><em>The unloading of building materials submitted to fire<\/em>, J.-M. Franssen, Fire Safety Journal,&nbsp;Vol. 16, N\u00b03&nbsp;(1990), 213-227<\/li>\n\n\n\n<li><em>A comparison between five structural fire codes applied to steel elements<\/em>, J.-M. Franssen, J.-B. Schleich, L.-G. Cajot, D. Talamona, B. Zhao, L. Twilt and K. Both, Fourth International Symposium on Fire Safety Science, Ottawa, (1994), 1125-1136<\/li>\n\n\n\n<li><em>Numerical simulation of a full scale fire test on a loaded steel framework<\/em>, J.-M. Franssen, C.M.E. Cooke &amp; D.J. Latham, J. Constructional Steel Research., Vol. 35 (1995), 377-407<\/li>\n\n\n\n<li><em>Residual stresses in steel profiles submitted to the fire : an analogy<\/em>, J.-M. Franssen, Proc. of the 3rd CIB\/W 14 FSF Workshop on Modelling, L. Twilt, editor, TNO, (1996), 103-112<\/li>\n\n\n\n<li><em>Contributions \u00e0 la mod\u00e9lisation des incendies dans les b\u00e2timents et de leurs effets sur les structures<\/em>, J.-M. Franssen, Th\u00e8se d&#8217;agr\u00e9gation de l&#8217;enseignement sup\u00e9rieur, Univ. de Li\u00e8ge, (1997), pp 484.<\/li>\n\n\n\n<li><em>Evaluation of the thermal part of the code SAFIR by comparison with the code TASEF<\/em>, D. Pintea &amp; J.-M. Franssen, Proc. 8th Int. Conf. on Steel Structures, Vol. 2, M. Ivan ed., MIRTON, Timisoara, (1997), 636-643<\/li>\n\n\n\n<li><em>User Manual for SAFIR A Computer Program for Analysis of Structures at Elevated Temperature Conditions<\/em>, D. I. Nwosu, V. K. R. Kodur, J.-M. Franssen &amp; J. K. Hum, National Research Council Canada, int. Report 782 (1999), pp 69<\/li>\n\n\n\n<li><em>New quadrangular shell element in SAFIR<\/em>, D. TALAMONA, J.-M. FRANSSEN, Proc. 1rst int. Structures in Fire workshop, J. M. Franssen ed., Li\u00e8ge (2000), 195-210<\/li>\n\n\n\n<li><em>Numerical Modelling of Lateral-Torsional Buckling of Steel I-Beams under Fire Conditions &#8211; Comparison with Eurocode 3<\/em>, Paulo M. M. Vila Real &amp; Jean-Marc Franssen, J. Fire Protection Engineering, Vol. 11, N\u00b02 (2001), 112-128<\/li>\n\n\n\n<li><em>Nonlinear Thin Shell Finite Element for Steel and Concrete Structures Subjected to Fire: Theoretical Development<\/em>, Talamona D. &amp; Franssen J.-M., J. Applied Fire Science, Baywood Publishing Company Inc., Vol. 11, N\u00b04 (2002-2003), 291-310.<\/li>\n\n\n\n<li><em>Validation of a shell finite element for concrete and steel structures subjected to fire<\/em>, D. Talamona, L. Lim &amp; J.-M Franssen, 4th Int. Seminar on Fire and Explosion Hazards, Londonderry, University of Ulster, 8-12 September, pp198-199 (2003)<\/li>\n\n\n\n<li><em>Heat transfer by radiation in internal cavities with a complex shape<\/em>, Franssen J-M, Proc. of the SEI-SFPE conf. Designing structures for fire, Baltimore, DEStech Publ. Inc. (2003), 33-42<\/li>\n\n\n\n<li><em>Dynamic Analysis Used to Cope with Partial and Temporary Failures<\/em>, Franssen J-M, Gens F, SiF&#8217;04, Structures in Fire, Proc. of the 3rd Intl Workshop, NRC-CNRC, IRC, Ottawa, Franssen, Benichou, Kodur &amp; Sultan ed. (2004), 297-310<\/li>\n\n\n\n<li><em>Numerical modelling of two-way reinforced slabs in fire<\/em>, Lim L, Buchanan A, Moss P, Franssen J-M, Engineering Structures, Elsevier, 26 (2004), 1081-1091<\/li>\n\n\n\n<li><em>Validation of a shell finite element for concrete and steel structures subjected to fire<\/em>, Talamona D, Lim L. &amp; Franssen J.-M., Fire and Explosion Hazards, Proc. 4th Int. Seminar, Bradley D. et al ed., Newtownabbey (2004), 577-588<\/li>\n\n\n\n<li><em>A Quadrangular Shell Finite Element for Concrete and Steel Structures Subjected to Fire<\/em>, D. Talamona &amp; J-M Franssen, Journal of Fire Protection Engineering, Vol. 15 (2005), 237-264<\/li>\n\n\n\n<li><em>Numerical analysis of the effect of localised fires on composite steel concrete buildings<\/em>, J-M Franssen, D. Pintea &amp; J. C. Dotreppe, 4th Int. workshop Structures in Fire, Univ. of Aveiro, Vila real et al. ed. (2006), 885-896<\/li>\n\n\n\n<li><em>3D simulation of Industrial Hall in case of fire Benchmark between ABAQUS, ANSYS and SAFIR,&nbsp;<\/em>Cajot L.G. &amp; Vassart O. PROFILARBED Research, Luxembourg; O&#8217;Connor M. &amp; Shenkai Y. Corus United Kingdom Limited;&nbsp; Fraud C. &amp; Zhao B. CTICM, France; De la Quintana J. &amp; Martinez de Aragon J. Fundacion LABEIN Spain;&nbsp; Franssen J.M. &amp; Gens F, University of Li\u00e8ge, Belgium<\/li>\n<\/ul>\n\n\n\n<h4 class=\"wp-block-heading has-text-align-center is-style-asterisk\">Additional publications on applications<\/h4>\n\n\n\n<p>The following list gives additional bibliographical references of theses and scientific papers in conferences or journals that show results of research works undertaken with SAFIR. Only references that have an author of SAFIR in the author&#8217;s list are reported here. Other publications have been written by scientists of other research groups.<\/p>\n\n\n\n<ul class=\"wp-block-list\">\n<li><em>Multi-degree-of-freedom Hybrid Fire Testing of a Column in a Non-linear Environment<\/em>, Mergny E, Franssen JM,&nbsp;<em>Fire Technology<\/em>, 1-28&nbsp;(2022)<\/li>\n\n\n\n<li><a href=\"http:\/\/hdl.handle.net\/2268\/182868\" target=\"_blank\" rel=\"noreferrer noopener\"><em>A performance indicator for structures under natural fire<\/em><\/a>, T. Gernay, J.M. Franssen,&nbsp;<em>Engineering Structures,<\/em>&nbsp;Vol. 100 (2015), 94-103<\/li>\n\n\n\n<li><a href=\"http:\/\/hdl.handle.net\/2268\/175163\" target=\"_blank\" rel=\"noreferrer noopener\"><em>A plastic-damage model for concrete in fire: Applications in structural fire engineering<\/em><\/a>, T. Gernay, J.M. Franssen,&nbsp;<em>Fire Safety<\/em>&nbsp;Journal, Vol. 71 (2015)<em>,&nbsp;<\/em>268\u2013278<\/li>\n\n\n\n<li><em><a href=\"http:\/\/hdl.handle.net\/2268\/134443\" target=\"_blank\" rel=\"noreferrer noopener\">Numerical analysis of partially fire protected composite slabs<\/a><\/em>, R. Zaharia, C. Vulcu, O. Vassart, T. Gernay, J.M. Franssen,&nbsp;<em>Steel and Composite Structures<\/em>, Vol. 14 no. 1 (2013), 21-39<\/li>\n\n\n\n<li><em><a href=\"http:\/\/hdl.handle.net\/2268\/135300\" target=\"_blank\" rel=\"noreferrer noopener\">Structural Behavior of Concrete Columns under Natural Fires<\/a><\/em>, T. Gernay, M.S. Dimia,&nbsp;<em>Engineering Computations<\/em>, Vol. 30 no. 6 (2013), 854-872&nbsp;&nbsp;<\/li>\n\n\n\n<li><em><a href=\"http:\/\/hdl.handle.net\/2268\/124796\" target=\"_blank\" rel=\"noreferrer noopener\">Fire analysis of a new steel bridge<\/a>, E. Tonicello, S. Desanghere, O. Vassart, J.M. Franssen,&nbsp;7th Int. Conf. Structures in Fire, ETH Zurich, Switzerland, Fontana et al. ed. (2012), 815-822<\/em><\/li>\n\n\n\n<li><em>Performance of Cellular composite floor beams at elevated temperatures<\/em>, NADJAI, O. VASSART, F. ALI, D.TALAMONA, A. ALLAM, M. HAWES Fire Safety Journal, Volume 42, Issues 6-7, September-October 2007, Pages 489-497<\/li>\n\n\n\n<li><em>Development of a new composite cellular beam<\/em>. Olivier Vassart and Louis-Guy Cajot, ArcelorMittal R&amp;D Long Carbon, Esch\/Alzette, Luxembourg,&nbsp; Jean-Pierre Muzeau and Hamid Boucha\u00efr, from Blaise Pascal University, Clermont Ferrand, France. THE SINGAPORE ENGINEER, Aug 2008<\/li>\n\n\n\n<li><em>Failure of a Tied-Arch Bridge Submitted to a Severe Localized Fire<\/em>, Dotreppe J.-C., Majkut S. &amp; Franssen J.-M., Structures and Extreme Events, IABSE Symposium Lisbon, I.A.B.S.E. (2005), 272-273<\/li>\n\n\n\n<li><em>Fire safety engineering analysis of a supermarket structure composed of cambered cellular beams<\/em>, Franssen J.-M., Majkut S., Cajot L.-G. &amp; Vassart O., EUROSTEEL 2005, 4th European Conf. on Steel and Composite Structures, Hoffmeister B. &amp; Hechler O. ed., Aachen (2005), 137-144<\/li>\n\n\n\n<li><em>Numerical determination of 3D temperature fields in steel joints<\/em>, Franssen J-M, Fire and Materials, John Wiley &amp; Sons, Ltd., 28 (2004), 63-82<\/li>\n\n\n\n<li><em>Consequences of imperfect insulation &#8211; Numerical Modeling<\/em>, Jean-Marc Franssen, Fire Protection Engineering Magazine, S.F.P.E., Issue No. 18 (2003), 24-33.<\/li>\n\n\n\n<li><em>Numerical modelling of a single storey industrial building at elevated temperature &#8211; comparison between the 2D and 3D analyses<\/em>, V. de Souza Junior, G. J. Creus &amp; J.-M. Franssen, MECOM 2002, First South-American Congress on Computational Mechanics, Santa Fe-Paran\u00e1, Argentina (2002), 1986-1997<\/li>\n\n\n\n<li><em>Lateral Buckling of Steel I Beams at Elevated Temperature &#8211; Comparison between the Modelling with Beam and Shell Elements<\/em>, Valdenir de Souza Junior &amp; Jean-Marc Franssen, Proc. 3rd European Conf. On Steel Structures, ISBN: 972-98376-3-5, Co\u00efmbra, Univ. de Co\u00efmbra, A. Lamas &amp; L. Simoes da Silva ed. (2002), 1479-1488<\/li>\n\n\n\n<li><em>Numerical Determination of 3D temperature fields in steel joints<\/em>, Jean-Marc Franssen &amp; Luc Brauwers, Proc. 2nd int. Workshop &#8220;Structures in Fire&#8221;, Univ. of Canterbury, Christchurch, P. J. Moss ed. (2002), 1-20<\/li>\n\n\n\n<li><em>Residual load bearing capacity of structures exposed to fire<\/em>, J.-M. FRANSSEN, V. KODUR, Invited paper, Proc. ASCE structures Congress, Washington DC, (2001), pp. 12<\/li>\n\n\n\n<li><em>Failure temperature of a System Comprising a Restrained Column Submitted to Fire<\/em>, J.-M. Franssen, Fire Safety Journal, Vol 34 (2000), 191-207<\/li>\n\n\n\n<li><em>Application of the SAFIR Computer Program for Evaluating Fire Resistance<\/em>, V. K. R. Kodur, D. I. Nwosu, M. A. Sultan and J.-M. Franssen, Proc. Third Int. Conf. on Fire Research and Engineering, SFPE-NIST-IAFSS, Chicago, (1999), 287-295<\/li>\n\n\n\n<li><em>Design and Tests of Prestressed Concrete Beams<\/em>, J.-M. Franssen &amp; A. Bruls, Proc. 5th Int. Symp. on Fire Safety Science, Melbourne, IAFSS, Hasemi ed., Tsukuba, (1997), 1081-1092<\/li>\n\n\n\n<li><em>SAFIR applied to prestressed beams at ambient temperature<\/em>, J.-M. Franssen, External Prestressing in Structures. Non-Linear Calculation Tests of Prestressed Beams, Association Fran\u00e7aise pour la Construction, (1993), 67-73<\/li>\n\n\n\n<li>J.M. Franssen and R. Zaharia<em>,&nbsp;<em>Design of Steel Structures subjected to Fire<\/em><\/em><\/li>\n<\/ul>\n\n\n\n<div style=\"height:45px\" aria-hidden=\"true\" class=\"wp-block-spacer\"><\/div>\n\n\n\n<div class=\"wp-block-buttons is-content-justification-center is-layout-flex wp-container-core-buttons-is-layout-a89b3969 wp-block-buttons-is-layout-flex\">\n<div class=\"wp-block-button\"><a class=\"wp-block-button__link wp-element-button\" href=\"https:\/\/safirsupport.be\/index.php\/safir\/safir-resources\/\">Back to SAFIR resources<\/a><\/div>\n<\/div>\n","protected":false},"excerpt":{"rendered":"<p>Selected peer-reviewed papers on SAFIR The following list includes the main scientific papers that describe the general theory or validation of SAFIR by the authors. More publications are provided in the sections below. Validation of SAFIR through DIN EN 1992-1-2 NA List of SAFIR comparisons with tests and other software Technical reference Additional publications on [&hellip;]<\/p>\n","protected":false},"author":1,"featured_media":0,"parent":114,"menu_order":2,"comment_status":"closed","ping_status":"closed","template":"","meta":{"footnotes":""},"class_list":["post-142","page","type-page","status-publish","hentry"],"_links":{"self":[{"href":"https:\/\/safirsupport.be\/index.php\/wp-json\/wp\/v2\/pages\/142","targetHints":{"allow":["GET"]}}],"collection":[{"href":"https:\/\/safirsupport.be\/index.php\/wp-json\/wp\/v2\/pages"}],"about":[{"href":"https:\/\/safirsupport.be\/index.php\/wp-json\/wp\/v2\/types\/page"}],"author":[{"embeddable":true,"href":"https:\/\/safirsupport.be\/index.php\/wp-json\/wp\/v2\/users\/1"}],"replies":[{"embeddable":true,"href":"https:\/\/safirsupport.be\/index.php\/wp-json\/wp\/v2\/comments?post=142"}],"version-history":[{"count":9,"href":"https:\/\/safirsupport.be\/index.php\/wp-json\/wp\/v2\/pages\/142\/revisions"}],"predecessor-version":[{"id":247,"href":"https:\/\/safirsupport.be\/index.php\/wp-json\/wp\/v2\/pages\/142\/revisions\/247"}],"up":[{"embeddable":true,"href":"https:\/\/safirsupport.be\/index.php\/wp-json\/wp\/v2\/pages\/114"}],"wp:attachment":[{"href":"https:\/\/safirsupport.be\/index.php\/wp-json\/wp\/v2\/media?parent=142"}],"curies":[{"name":"wp","href":"https:\/\/api.w.org\/{rel}","templated":true}]}}